{"id":1335,"date":"2025-09-09T19:27:43","date_gmt":"2025-09-09T17:27:43","guid":{"rendered":"https:\/\/evernox.hu\/?page_id=1335"},"modified":"2026-02-11T17:47:54","modified_gmt":"2026-02-11T16:47:54","slug":"letoltheto-anyagaink-segedletek","status":"publish","type":"page","link":"https:\/\/evernox.hu\/en\/hirek-media\/letoltheto-anyagaink-segedletek\/","title":{"rendered":"Let\u00f6lthet\u0151 anyagaink, seg\u00e9dletek"},"content":{"rendered":"<div data-elementor-type=\"wp-page\" data-elementor-id=\"1335\" class=\"elementor elementor-1335\" data-elementor-post-type=\"page\">\n\t\t\t\t<div class=\"elementor-element elementor-element-05ec18b e-flex e-con-boxed e-con e-parent\" data-id=\"05ec18b\" data-element_type=\"container\" data-e-type=\"container\" data-settings=\"{&quot;background_background&quot;:&quot;classic&quot;}\">\n\t\t\t\t\t<div class=\"e-con-inner\">\n\t\t<div class=\"elementor-element elementor-element-72ed00b e-con-full e-flex e-con e-child\" data-id=\"72ed00b\" data-element_type=\"container\" data-e-type=\"container\">\n\t\t\t\t<div class=\"elementor-element elementor-element-23de28c elementor-widget elementor-widget-heading\" data-id=\"23de28c\" data-element_type=\"widget\" data-e-type=\"widget\" data-widget_type=\"heading.default\">\n\t\t\t\t<div class=\"elementor-widget-container\">\n\t\t\t\t\t<h2 class=\"elementor-heading-title elementor-size-default\">Ingyenesen let\u00f6lthet\u0151<\/h2>\t\t\t\t<\/div>\n\t\t\t\t<\/div>\n\t\t\t\t<div class=\"elementor-element elementor-element-c7b9246 elementor-widget elementor-widget-heading\" data-id=\"c7b9246\" data-element_type=\"widget\" data-e-type=\"widget\" data-widget_type=\"heading.default\">\n\t\t\t\t<div class=\"elementor-widget-container\">\n\t\t\t\t\t<h6 class=\"elementor-heading-title elementor-size-default\">prospektusok, \u00e1rlist\u00e1k, intelligens \u00e9p\u00fcleteket bemutat\u00f3 vide\u00f3k<\/h6>\t\t\t\t<\/div>\n\t\t\t\t<\/div>\n\t\t\t\t<div class=\"elementor-element elementor-element-81bb764 elementor-widget-divider--view-line elementor-widget elementor-widget-divider\" data-id=\"81bb764\" data-element_type=\"widget\" data-e-type=\"widget\" data-widget_type=\"divider.default\">\n\t\t\t\t<div class=\"elementor-widget-container\">\n\t\t\t\t\t\t\t<div class=\"elementor-divider\">\n\t\t\t<span class=\"elementor-divider-separator\">\n\t\t\t\t\t\t<\/span>\n\t\t<\/div>\n\t\t\t\t\t\t<\/div>\n\t\t\t\t<\/div>\n\t\t\t\t<\/div>\n\t\t\t\t\t<\/div>\n\t\t\t\t<\/div>\n\t\t<div class=\"elementor-element elementor-element-03b887f e-flex e-con-boxed e-con e-parent\" data-id=\"03b887f\" data-element_type=\"container\" data-e-type=\"container\">\n\t\t\t\t\t<div class=\"e-con-inner\">\n\t\t<div class=\"elementor-element elementor-element-0e8ba1a e-con-full e-flex e-con e-child\" data-id=\"0e8ba1a\" data-element_type=\"container\" data-e-type=\"container\">\n\t\t\t\t<div class=\"elementor-element elementor-element-cf8dd07 elementor-widget elementor-widget-text-editor\" data-id=\"cf8dd07\" data-element_type=\"widget\" data-e-type=\"widget\" data-widget_type=\"text-editor.default\">\n\t\t\t\t<div class=\"elementor-widget-container\">\n\t\t\t\t\t\t\t\t\t<h3>Berker f\u0151katal\u00f3gus\u00a0<\/h3><p><strong>A megb\u00edzhat\u00f3 partner, intelligens megold\u00e1sokhoz<\/strong><\/p><p>A Berker 1919 \u00f3ta a cs\u00facsmin\u0151s\u00e9g\u0171 elektromos berendez\u00e9sek vezet\u0151 sz\u00e1ll\u00edt\u00f3ja az id\u0151tlen klasszikus kapcsol\u00f3kt\u00f3l kezdve az intelligens \u00e9p\u00fcletir\u00e1ny\u00edt\u00e1si rendszerekig.<br \/>Minden \u00faj fejleszt\u00e9s l\u00e9trej\u00f6ttekor mind\u00f6ssze egyetlen dolgot tartanak szem el\u0151tt, amely nem m\u00e1s, mint \u00fcgyfelek el\u00e9gedetts\u00e9ge. Mi is azt szeretn\u00e9nk, hogy a Berker term\u00e9keivel mindenki otthon \u00e9rezze mag\u00e1t \u2013 ak\u00e1r \u00e9vtizedekig<\/p>\t\t\t\t\t\t\t\t<\/div>\n\t\t\t\t<\/div>\n\t\t\t\t<div class=\"elementor-element elementor-element-4b9c5ae elementor-widget elementor-widget-button\" data-id=\"4b9c5ae\" data-element_type=\"widget\" data-e-type=\"widget\" data-widget_type=\"button.default\">\n\t\t\t\t<div class=\"elementor-widget-container\">\n\t\t\t\t\t\t\t\t\t<div class=\"elementor-button-wrapper\">\n\t\t\t\t\t<a class=\"elementor-button elementor-button-link elementor-size-sm\" href=\"https:\/\/www.elektro-kamleithner.hu\/wp-content\/uploads\/2020\/09\/18EN0004IMC_CAT_B_Switches_Buildingcontrol_2018_web-1.pdf\">\n\t\t\t\t\t\t<span class=\"elementor-button-content-wrapper\">\n\t\t\t\t\t\t\t\t\t<span class=\"elementor-button-text\">Let\u00f6lt\u00f6m most<\/span>\n\t\t\t\t\t<\/span>\n\t\t\t\t\t<\/a>\n\t\t\t\t<\/div>\n\t\t\t\t\t\t\t\t<\/div>\n\t\t\t\t<\/div>\n\t\t\t\t<\/div>\n\t\t<div class=\"elementor-element elementor-element-aa3e23a e-con-full e-flex e-con e-child\" data-id=\"aa3e23a\" data-element_type=\"container\" data-e-type=\"container\">\n\t\t\t\t<div class=\"elementor-element elementor-element-6c261e1 elementor-widget elementor-widget-image\" data-id=\"6c261e1\" data-element_type=\"widget\" data-e-type=\"widget\" data-widget_type=\"image.default\">\n\t\t\t\t<div class=\"elementor-widget-container\">\n\t\t\t\t\t\t\t\t\t\t\t\t\t\t\t<img fetchpriority=\"high\" decoding=\"async\" width=\"540\" height=\"540\" src=\"https:\/\/evernox.hu\/wp-content\/uploads\/2026\/02\/letoltheto-anyagok-berker.jpg\" class=\"attachment-large size-large wp-image-9531\" alt=\"letoltheto anyagok berker.jpg\" srcset=\"https:\/\/evernox.hu\/wp-content\/uploads\/2026\/02\/letoltheto-anyagok-berker.jpg 540w, https:\/\/evernox.hu\/wp-content\/uploads\/2026\/02\/letoltheto-anyagok-berker-150x150.jpg 150w, https:\/\/evernox.hu\/wp-content\/uploads\/2026\/02\/letoltheto-anyagok-berker-12x12.jpg 12w\" sizes=\"(max-width: 540px) 100vw, 540px\" \/>\t\t\t\t\t\t\t\t\t\t\t\t\t\t\t<\/div>\n\t\t\t\t<\/div>\n\t\t\t\t<\/div>\n\t\t\t\t\t<\/div>\n\t\t\t\t<\/div>\n\t\t<div class=\"elementor-element elementor-element-7f1283b e-flex e-con-boxed e-con e-parent\" data-id=\"7f1283b\" data-element_type=\"container\" data-e-type=\"container\">\n\t\t\t\t\t<div class=\"e-con-inner\">\n\t\t<div class=\"elementor-element elementor-element-2747bc2 e-con-full e-flex e-con e-child\" data-id=\"2747bc2\" data-element_type=\"container\" data-e-type=\"container\">\n\t\t\t\t<div class=\"elementor-element elementor-element-2156151 elementor-widget elementor-widget-text-editor\" data-id=\"2156151\" data-element_type=\"widget\" data-e-type=\"widget\" data-widget_type=\"text-editor.default\">\n\t\t\t\t<div class=\"elementor-widget-container\">\n\t\t\t\t\t\t\t\t\t<h3>Theben f\u0151katal\u00f3gus\u00a0<\/h3><p><strong>energia-hat\u00e9konys\u00e1g, komfort, sokoldal\u00fas\u00e1g<\/strong><\/p><p>A Theben AG 1921 \u00f3ta a cs\u00facsmin\u0151s\u00e9g\u0171 elektromos id\u0151kapcsol\u00f3 berendez\u00e9sek vezet\u0151 sz\u00e1ll\u00edt\u00f3ja.<\/p>\t\t\t\t\t\t\t\t<\/div>\n\t\t\t\t<\/div>\n\t\t\t\t<div class=\"elementor-element elementor-element-636178a elementor-widget elementor-widget-button\" data-id=\"636178a\" data-element_type=\"widget\" data-e-type=\"widget\" data-widget_type=\"button.default\">\n\t\t\t\t<div class=\"elementor-widget-container\">\n\t\t\t\t\t\t\t\t\t<div class=\"elementor-button-wrapper\">\n\t\t\t\t\t<a class=\"elementor-button elementor-button-link elementor-size-sm\" href=\"https:\/\/evernox.hu\/wp-content\/uploads\/2026\/02\/theben-fokatalogus-001.pdf\" target=\"_blank\">\n\t\t\t\t\t\t<span class=\"elementor-button-content-wrapper\">\n\t\t\t\t\t\t\t\t\t<span class=\"elementor-button-text\">LET\u00d6LT\u00d6M MOST<\/span>\n\t\t\t\t\t<\/span>\n\t\t\t\t\t<\/a>\n\t\t\t\t<\/div>\n\t\t\t\t\t\t\t\t<\/div>\n\t\t\t\t<\/div>\n\t\t\t\t<\/div>\n\t\t<div class=\"elementor-element elementor-element-8baeed4 e-con-full e-flex e-con e-child\" data-id=\"8baeed4\" data-element_type=\"container\" data-e-type=\"container\">\n\t\t\t\t<div class=\"elementor-element elementor-element-39df0b9 elementor-widget elementor-widget-image\" data-id=\"39df0b9\" data-element_type=\"widget\" data-e-type=\"widget\" data-widget_type=\"image.default\">\n\t\t\t\t<div class=\"elementor-widget-container\">\n\t\t\t\t\t\t\t\t\t\t\t\t\t\t\t<img decoding=\"async\" width=\"540\" height=\"540\" src=\"https:\/\/evernox.hu\/wp-content\/uploads\/2026\/02\/theben10.png\" class=\"attachment-large size-large wp-image-9532\" alt=\"theben10.png\" srcset=\"https:\/\/evernox.hu\/wp-content\/uploads\/2026\/02\/theben10.png 540w, https:\/\/evernox.hu\/wp-content\/uploads\/2026\/02\/theben10-150x150.png 150w, https:\/\/evernox.hu\/wp-content\/uploads\/2026\/02\/theben10-12x12.png 12w\" sizes=\"(max-width: 540px) 100vw, 540px\" \/>\t\t\t\t\t\t\t\t\t\t\t\t\t\t\t<\/div>\n\t\t\t\t<\/div>\n\t\t\t\t<\/div>\n\t\t\t\t\t<\/div>\n\t\t\t\t<\/div>\n\t\t<div class=\"elementor-element elementor-element-1eacad1 e-flex e-con-boxed e-con e-parent\" data-id=\"1eacad1\" data-element_type=\"container\" data-e-type=\"container\">\n\t\t\t\t\t<div class=\"e-con-inner\">\n\t\t<div class=\"elementor-element elementor-element-224c547 e-con-full e-flex e-con e-child\" data-id=\"224c547\" data-element_type=\"container\" data-e-type=\"container\">\n\t\t\t\t<div class=\"elementor-element elementor-element-8e7a1b7 elementor-widget elementor-widget-text-editor\" data-id=\"8e7a1b7\" data-element_type=\"widget\" data-e-type=\"widget\" data-widget_type=\"text-editor.default\">\n\t\t\t\t<div class=\"elementor-widget-container\">\n\t\t\t\t\t\t\t\t\t<h3>Berker diz\u00e1jn \u00e1ttekint\u0151 prospektus<\/h3><p><strong>Fedezze fel a Berker term\u00e9kek soksz\u00edn\u0171s\u00e9g\u00e9t<\/strong><\/p><p>Tudjon meg minden l\u00e9nyegeset a kapcsol\u00f3csal\u00e1dokr\u00f3l \u00e9s az \u00e9p\u00fcletautomatiz\u00e1l\u00e1sr\u00f3l.<br \/>A Berker 15 k\u00fcl\u00f6nb\u00f6z\u0151 kapcsol\u00f3csal\u00e1dot k\u00edn\u00e1l. A v\u00e1laszt\u00e9k ennek kapcs\u00e1n a klasszikust\u00f3l a kort\u00e1rs diz\u00e1jnig terjed. \u00d6nnek lehet\u0151s\u00e9ge van arra, hogy sz\u00e1mos sorozaton bel\u00fcl k\u00fcl\u00f6nb\u00f6z\u0151 anyagok k\u00f6z\u00fcl v\u00e1lasszon. Az ilyen m\u00e9rt\u00e9k\u0171 v\u00e1ltozatoss\u00e1g biztos\u00edtja, hogy minden egyes \u00e9p\u00edt\u00e9szeti st\u00edlust a legapr\u00f3bb r\u00e9szletekig t\u00f6k\u00e9letess\u00e9 lehet tenni.<\/p>\t\t\t\t\t\t\t\t<\/div>\n\t\t\t\t<\/div>\n\t\t\t\t<div class=\"elementor-element elementor-element-7b6a301 elementor-widget elementor-widget-button\" data-id=\"7b6a301\" data-element_type=\"widget\" data-e-type=\"widget\" data-widget_type=\"button.default\">\n\t\t\t\t<div class=\"elementor-widget-container\">\n\t\t\t\t\t\t\t\t\t<div class=\"elementor-button-wrapper\">\n\t\t\t\t\t<a class=\"elementor-button elementor-button-link elementor-size-sm\" href=\"https:\/\/evernox.hu\/wp-content\/uploads\/2026\/02\/berker-desgin-katalogus-01.pdf\" target=\"_blank\">\n\t\t\t\t\t\t<span class=\"elementor-button-content-wrapper\">\n\t\t\t\t\t\t\t\t\t<span class=\"elementor-button-text\">LET\u00d6LT\u00d6M MOST<\/span>\n\t\t\t\t\t<\/span>\n\t\t\t\t\t<\/a>\n\t\t\t\t<\/div>\n\t\t\t\t\t\t\t\t<\/div>\n\t\t\t\t<\/div>\n\t\t\t\t<\/div>\n\t\t<div class=\"elementor-element elementor-element-f72627e e-con-full e-flex e-con e-child\" data-id=\"f72627e\" data-element_type=\"container\" data-e-type=\"container\">\n\t\t\t\t<div class=\"elementor-element elementor-element-cde2829 elementor-widget elementor-widget-image\" data-id=\"cde2829\" data-element_type=\"widget\" data-e-type=\"widget\" data-widget_type=\"image.default\">\n\t\t\t\t<div class=\"elementor-widget-container\">\n\t\t\t\t\t\t\t\t\t\t\t\t\t\t\t<img decoding=\"async\" width=\"500\" height=\"500\" src=\"https:\/\/evernox.hu\/wp-content\/uploads\/2026\/02\/berker-letoltheto-001.webp\" class=\"attachment-large size-large wp-image-9551\" alt=\"berker letoltheto 001\" srcset=\"https:\/\/evernox.hu\/wp-content\/uploads\/2026\/02\/berker-letoltheto-001.webp 500w, https:\/\/evernox.hu\/wp-content\/uploads\/2026\/02\/berker-letoltheto-001-150x150.webp 150w, https:\/\/evernox.hu\/wp-content\/uploads\/2026\/02\/berker-letoltheto-001-12x12.webp 12w\" sizes=\"(max-width: 500px) 100vw, 500px\" \/>\t\t\t\t\t\t\t\t\t\t\t\t\t\t\t<\/div>\n\t\t\t\t<\/div>\n\t\t\t\t<\/div>\n\t\t\t\t\t<\/div>\n\t\t\t\t<\/div>\n\t\t<div class=\"elementor-element elementor-element-9cc0498 e-flex e-con-boxed e-con e-parent\" data-id=\"9cc0498\" data-element_type=\"container\" data-e-type=\"container\">\n\t\t\t\t\t<div class=\"e-con-inner\">\n\t\t<div class=\"elementor-element elementor-element-0fa2247 e-con-full e-flex e-con e-child\" data-id=\"0fa2247\" data-element_type=\"container\" data-e-type=\"container\">\n\t\t\t\t<div class=\"elementor-element elementor-element-2e0a974 elementor-widget elementor-widget-text-editor\" data-id=\"2e0a974\" data-element_type=\"widget\" data-e-type=\"widget\" data-widget_type=\"text-editor.default\">\n\t\t\t\t<div class=\"elementor-widget-container\">\n\t\t\t\t\t\t\t\t\t<h3>Berker kivonatos \u00e1rlista<\/h3><p><strong>Berker a st\u00edlus szabads\u00e1ga<\/strong><\/p><p>A list\u00e1ban nem szerepl\u0151 \u00e1rakr\u00f3l sz\u00edvesen adunk t\u00e1j\u00e9koztat\u00e1st. K\u00e9rjen \u00e1raj\u00e1nlatot a fenti el\u00e9rhet\u0151s\u00e9gen! A felt\u00fcntetett \u00e1rak komplett szerelv\u00e9nyekre (bet\u00e9t+1-es keret+fedlap) vonatkoz\u00f3 nett\u00f3 lista\u00e1rak.<\/p>\t\t\t\t\t\t\t\t<\/div>\n\t\t\t\t<\/div>\n\t\t\t\t<div class=\"elementor-element elementor-element-a37a2af elementor-widget elementor-widget-button\" data-id=\"a37a2af\" data-element_type=\"widget\" data-e-type=\"widget\" data-widget_type=\"button.default\">\n\t\t\t\t<div class=\"elementor-widget-container\">\n\t\t\t\t\t\t\t\t\t<div class=\"elementor-button-wrapper\">\n\t\t\t\t\t<a class=\"elementor-button elementor-button-link elementor-size-sm\" href=\"https:\/\/evernox.hu\/wp-content\/uploads\/2026\/02\/berker-arlista.png\" target=\"_blank\">\n\t\t\t\t\t\t<span class=\"elementor-button-content-wrapper\">\n\t\t\t\t\t\t\t\t\t<span class=\"elementor-button-text\">LET\u00d6LT\u00d6M MOST<\/span>\n\t\t\t\t\t<\/span>\n\t\t\t\t\t<\/a>\n\t\t\t\t<\/div>\n\t\t\t\t\t\t\t\t<\/div>\n\t\t\t\t<\/div>\n\t\t\t\t<\/div>\n\t\t<div class=\"elementor-element elementor-element-d7346f2 e-con-full e-flex e-con e-child\" data-id=\"d7346f2\" data-element_type=\"container\" data-e-type=\"container\">\n\t\t\t\t<div class=\"elementor-element elementor-element-ab5bab2 elementor-widget elementor-widget-image\" data-id=\"ab5bab2\" data-element_type=\"widget\" data-e-type=\"widget\" data-widget_type=\"image.default\">\n\t\t\t\t<div class=\"elementor-widget-container\">\n\t\t\t\t\t\t\t\t\t\t\t\t\t\t\t<img decoding=\"async\" width=\"500\" height=\"500\" src=\"https:\/\/evernox.hu\/wp-content\/uploads\/2026\/02\/berker-letoltheto-001.webp\" class=\"attachment-large size-large wp-image-9551\" alt=\"berker letoltheto 001\" srcset=\"https:\/\/evernox.hu\/wp-content\/uploads\/2026\/02\/berker-letoltheto-001.webp 500w, https:\/\/evernox.hu\/wp-content\/uploads\/2026\/02\/berker-letoltheto-001-150x150.webp 150w, https:\/\/evernox.hu\/wp-content\/uploads\/2026\/02\/berker-letoltheto-001-12x12.webp 12w\" sizes=\"(max-width: 500px) 100vw, 500px\" \/>\t\t\t\t\t\t\t\t\t\t\t\t\t\t\t<\/div>\n\t\t\t\t<\/div>\n\t\t\t\t<\/div>\n\t\t\t\t\t<\/div>\n\t\t\t\t<\/div>\n\t\t<div class=\"elementor-element elementor-element-a575159 e-flex e-con-boxed e-con e-parent\" data-id=\"a575159\" data-element_type=\"container\" data-e-type=\"container\">\n\t\t\t\t\t<div class=\"e-con-inner\">\n\t\t<div class=\"elementor-element elementor-element-685e0f2 e-con-full e-flex e-con e-child\" data-id=\"685e0f2\" data-element_type=\"container\" data-e-type=\"container\">\n\t\t\t\t<div class=\"elementor-element elementor-element-0008e38 elementor-widget elementor-widget-text-editor\" data-id=\"0008e38\" data-element_type=\"widget\" data-e-type=\"widget\" data-widget_type=\"text-editor.default\">\n\t\t\t\t<div class=\"elementor-widget-container\">\n\t\t\t\t\t\t\t\t\t<h3>Luxorliving okosotthon prospektus<\/h3><p><strong>Egyszer\u0171 \u00e9s intelligens<\/strong><\/p><p>A LUXORliving egy egyszer\u0171 intelligens otthon rendszer a Thebent\u0151l, amely teljesk\u00f6r\u0171 k\u00e9nyelmet k\u00edn\u00e1l otthon\u00e1ban. Kapcsolja \u00e9s dimmeli a f\u00e9nyeket, szab\u00e1lyozza a szobah\u0151m\u00e9rs\u00e9kletet, fel- \u00e9s leh\u00fazza a red\u0151ny\u00f6ket. A LUXORliving err\u0151l sz\u00f3l. \u00c9s ami a legjobb: a LUXORliving telep\u00edt\u00e9se annyira egyszer\u0171, mint amilyen egyszer\u0171en programozhat\u00f3.<\/p>\t\t\t\t\t\t\t\t<\/div>\n\t\t\t\t<\/div>\n\t\t\t\t<div class=\"elementor-element elementor-element-c6048fa elementor-widget elementor-widget-button\" data-id=\"c6048fa\" data-element_type=\"widget\" data-e-type=\"widget\" data-widget_type=\"button.default\">\n\t\t\t\t<div class=\"elementor-widget-container\">\n\t\t\t\t\t\t\t\t\t<div class=\"elementor-button-wrapper\">\n\t\t\t\t\t<a class=\"elementor-button elementor-button-link elementor-size-sm\" href=\"https:\/\/evernox.hu\/wp-content\/uploads\/2026\/02\/luxorliving-katalogus.pdf\" target=\"_blank\">\n\t\t\t\t\t\t<span class=\"elementor-button-content-wrapper\">\n\t\t\t\t\t\t\t\t\t<span class=\"elementor-button-text\">LET\u00d6LT\u00d6M MOST<\/span>\n\t\t\t\t\t<\/span>\n\t\t\t\t\t<\/a>\n\t\t\t\t<\/div>\n\t\t\t\t\t\t\t\t<\/div>\n\t\t\t\t<\/div>\n\t\t\t\t<\/div>\n\t\t<div class=\"elementor-element elementor-element-87589d8 e-con-full e-flex e-con e-child\" data-id=\"87589d8\" data-element_type=\"container\" data-e-type=\"container\">\n\t\t\t\t<div class=\"elementor-element elementor-element-7347ec7 elementor-widget elementor-widget-image\" data-id=\"7347ec7\" data-element_type=\"widget\" data-e-type=\"widget\" data-widget_type=\"image.default\">\n\t\t\t\t<div class=\"elementor-widget-container\">\n\t\t\t\t\t\t\t\t\t\t\t\t\t\t\t<img loading=\"lazy\" decoding=\"async\" width=\"500\" height=\"500\" src=\"https:\/\/evernox.hu\/wp-content\/uploads\/2026\/02\/luxorliving-letoltheto-001.webp\" class=\"attachment-large size-large wp-image-9553\" alt=\"luxorliving letoltheto 001\" srcset=\"https:\/\/evernox.hu\/wp-content\/uploads\/2026\/02\/luxorliving-letoltheto-001.webp 500w, https:\/\/evernox.hu\/wp-content\/uploads\/2026\/02\/luxorliving-letoltheto-001-150x150.webp 150w, https:\/\/evernox.hu\/wp-content\/uploads\/2026\/02\/luxorliving-letoltheto-001-12x12.webp 12w\" sizes=\"(max-width: 500px) 100vw, 500px\" \/>\t\t\t\t\t\t\t\t\t\t\t\t\t\t\t<\/div>\n\t\t\t\t<\/div>\n\t\t\t\t<\/div>\n\t\t\t\t\t<\/div>\n\t\t\t\t<\/div>\n\t\t<div class=\"elementor-element elementor-element-3c55fb6 e-flex e-con-boxed e-con e-parent\" data-id=\"3c55fb6\" data-element_type=\"container\" data-e-type=\"container\">\n\t\t\t\t\t<div class=\"e-con-inner\">\n\t\t<div class=\"elementor-element elementor-element-2b61de4 e-con-full e-flex e-con e-child\" data-id=\"2b61de4\" data-element_type=\"container\" data-e-type=\"container\">\n\t\t\t\t<div class=\"elementor-element elementor-element-b7bd37d elementor-widget elementor-widget-text-editor\" data-id=\"b7bd37d\" data-element_type=\"widget\" data-e-type=\"widget\" data-widget_type=\"text-editor.default\">\n\t\t\t\t<div class=\"elementor-widget-container\">\n\t\t\t\t\t\t\t\t\t<h3>Fenntarthat\u00f3s\u00e1g az \u00e9p\u00fcletautomatiz\u00e1l\u00e1sban<\/h3><div>Egy korszer\u0171 k\u00f6z\u00e9p\u00fclet nem \u00e9p\u00fclhet automatiz\u00e1l\u00e1si megold\u00e1s n\u00e9lk\u00fcl. Korszer\u0171 \u00e9p\u00fcleteink elektromos \u00e9s g\u00e9p\u00e9szeti rendszerei egyre bonyolultabbak. Egyre t\u00f6bb g\u00e9pet \u00e9s funkci\u00f3t \u00e9p\u00edtenek be, melyek egyszer\u0171 kezelhet\u0151s\u00e9ge ig\u00e9nyli az \u00e9p\u00fcletautomatiz\u00e1l\u00e1si megold\u00e1sok alkalmaz\u00e1s\u00e1t.<\/div><p>\u00a0<\/p>\t\t\t\t\t\t\t\t<\/div>\n\t\t\t\t<\/div>\n\t\t\t\t<div class=\"elementor-element elementor-element-662e79a elementor-widget elementor-widget-button\" data-id=\"662e79a\" data-element_type=\"widget\" data-e-type=\"widget\" data-widget_type=\"button.default\">\n\t\t\t\t<div class=\"elementor-widget-container\">\n\t\t\t\t\t\t\t\t\t<div class=\"elementor-button-wrapper\">\n\t\t\t\t\t<a class=\"elementor-button elementor-button-link elementor-size-sm\" href=\"https:\/\/evernox.hu\/wp-content\/uploads\/2026\/02\/fenntarthatosag-001.pdf\" target=\"_blank\">\n\t\t\t\t\t\t<span class=\"elementor-button-content-wrapper\">\n\t\t\t\t\t\t\t\t\t<span class=\"elementor-button-text\">LET\u00d6LT\u00d6M MOST<\/span>\n\t\t\t\t\t<\/span>\n\t\t\t\t\t<\/a>\n\t\t\t\t<\/div>\n\t\t\t\t\t\t\t\t<\/div>\n\t\t\t\t<\/div>\n\t\t\t\t<\/div>\n\t\t<div class=\"elementor-element elementor-element-569dbb5 e-con-full e-flex e-con e-child\" data-id=\"569dbb5\" data-element_type=\"container\" data-e-type=\"container\">\n\t\t\t\t<div class=\"elementor-element elementor-element-8ab55dc elementor-widget elementor-widget-image\" data-id=\"8ab55dc\" data-element_type=\"widget\" data-e-type=\"widget\" data-widget_type=\"image.default\">\n\t\t\t\t<div class=\"elementor-widget-container\">\n\t\t\t\t\t\t\t\t\t\t\t\t\t\t\t<img loading=\"lazy\" decoding=\"async\" width=\"500\" height=\"500\" src=\"https:\/\/evernox.hu\/wp-content\/uploads\/2026\/02\/fenntarthato-letoltheto-001.webp\" class=\"attachment-large size-large wp-image-9554\" alt=\"fenntarthato letoltheto 001\" srcset=\"https:\/\/evernox.hu\/wp-content\/uploads\/2026\/02\/fenntarthato-letoltheto-001.webp 500w, https:\/\/evernox.hu\/wp-content\/uploads\/2026\/02\/fenntarthato-letoltheto-001-150x150.webp 150w, https:\/\/evernox.hu\/wp-content\/uploads\/2026\/02\/fenntarthato-letoltheto-001-12x12.webp 12w\" sizes=\"(max-width: 500px) 100vw, 500px\" \/>\t\t\t\t\t\t\t\t\t\t\t\t\t\t\t<\/div>\n\t\t\t\t<\/div>\n\t\t\t\t<\/div>\n\t\t\t\t\t<\/div>\n\t\t\t\t<\/div>\n\t\t\t\t<\/div>","protected":false},"excerpt":{"rendered":"<p>Ingyenesen let\u00f6lthet\u0151 prospektusok, \u00e1rlist\u00e1k, intelligens \u00e9p\u00fcleteket bemutat\u00f3 vide\u00f3k Berker f\u0151katal\u00f3gus\u00a0 A megb\u00edzhat\u00f3 partner, intelligens megold\u00e1sokhoz A Berker 1919 \u00f3ta a [&hellip;]<\/p>","protected":false},"author":1,"featured_media":0,"parent":1329,"menu_order":0,"comment_status":"closed","ping_status":"closed","template":"","meta":{"_acf_changed":false,"site-sidebar-layout":"no-sidebar","site-content-layout":"","ast-site-content-layout":"full-width-container","site-content-style":"default","site-sidebar-style":"default","ast-global-header-display":"","ast-banner-title-visibility":"","ast-main-header-display":"","ast-hfb-above-header-display":"","ast-hfb-below-header-display":"","ast-hfb-mobile-header-display":"","site-post-title":"","ast-breadcrumbs-content":"","ast-featured-img":"disabled","footer-sml-layout":"","ast-disable-related-posts":"","theme-transparent-header-meta":"default","adv-header-id-meta":"","stick-header-meta":"","header-above-stick-meta":"","header-main-stick-meta":"","header-below-stick-meta":"","astra-migrate-meta-layouts":"set","ast-page-background-enabled":"default","ast-page-background-meta":{"desktop":{"background-color":"var(--ast-global-color-4)","background-image":"","background-repeat":"repeat","background-position":"center center","background-size":"auto","background-attachment":"scroll","background-type":"","background-media":"","overlay-type":"","overlay-color":"","overlay-opacity":"","overlay-gradient":""},"tablet":{"background-color":"","background-image":"","background-repeat":"repeat","background-position":"center center","background-size":"auto","background-attachment":"scroll","background-type":"","background-media":"","overlay-type":"","overlay-color":"","overlay-opacity":"","overlay-gradient":""},"mobile":{"background-color":"","background-image":"","background-repeat":"repeat","background-position":"center center","background-size":"auto","background-attachment":"scroll","background-type":"","background-media":"","overlay-type":"","overlay-color":"","overlay-opacity":"","overlay-gradient":""}},"ast-content-background-meta":{"desktop":{"background-color":"var(--ast-global-color-5)","background-image":"","background-repeat":"repeat","background-position":"center center","background-size":"auto","background-attachment":"scroll","background-type":"","background-media":"","overlay-type":"","overlay-color":"","overlay-opacity":"","overlay-gradient":""},"tablet":{"background-color":"var(--ast-global-color-5)","background-image":"","background-repeat":"repeat","background-position":"center center","background-size":"auto","background-attachment":"scroll","background-type":"","background-media":"","overlay-type":"","overlay-color":"","overlay-opacity":"","overlay-gradient":""},"mobile":{"background-color":"var(--ast-global-color-5)","background-image":"","background-repeat":"repeat","background-position":"center center","background-size":"auto","background-attachment":"scroll","background-type":"","background-media":"","overlay-type":"","overlay-color":"","overlay-opacity":"","overlay-gradient":""}},"footnotes":""},"class_list":["post-1335","page","type-page","status-publish","hentry"],"acf":[],"_links":{"self":[{"href":"https:\/\/evernox.hu\/en\/wp-json\/wp\/v2\/pages\/1335","targetHints":{"allow":["GET"]}}],"collection":[{"href":"https:\/\/evernox.hu\/en\/wp-json\/wp\/v2\/pages"}],"about":[{"href":"https:\/\/evernox.hu\/en\/wp-json\/wp\/v2\/types\/page"}],"author":[{"embeddable":true,"href":"https:\/\/evernox.hu\/en\/wp-json\/wp\/v2\/users\/1"}],"replies":[{"embeddable":true,"href":"https:\/\/evernox.hu\/en\/wp-json\/wp\/v2\/comments?post=1335"}],"version-history":[{"count":10,"href":"https:\/\/evernox.hu\/en\/wp-json\/wp\/v2\/pages\/1335\/revisions"}],"predecessor-version":[{"id":9557,"href":"https:\/\/evernox.hu\/en\/wp-json\/wp\/v2\/pages\/1335\/revisions\/9557"}],"up":[{"embeddable":true,"href":"https:\/\/evernox.hu\/en\/wp-json\/wp\/v2\/pages\/1329"}],"wp:attachment":[{"href":"https:\/\/evernox.hu\/en\/wp-json\/wp\/v2\/media?parent=1335"}],"curies":[{"name":"wp","href":"https:\/\/api.w.org\/{rel}","templated":true}]}}