{"id":1323,"date":"2025-09-09T19:24:19","date_gmt":"2025-09-09T17:24:19","guid":{"rendered":"https:\/\/evernox.hu\/?page_id=1323"},"modified":"2026-02-11T18:45:49","modified_gmt":"2026-02-11T17:45:49","slug":"funkciok","status":"publish","type":"page","link":"https:\/\/evernox.hu\/en\/funkciok\/","title":{"rendered":"Funkci\u00f3k"},"content":{"rendered":"<div data-elementor-type=\"wp-page\" data-elementor-id=\"1323\" class=\"elementor elementor-1323\" data-elementor-post-type=\"page\">\n\t\t\t\t<div class=\"elementor-element elementor-element-cf1f501 e-con-full e-flex e-con e-parent\" data-id=\"cf1f501\" data-element_type=\"container\" data-e-type=\"container\" data-settings=\"{&quot;background_background&quot;:&quot;classic&quot;}\">\n\t\t<div class=\"elementor-element elementor-element-015e920 e-flex e-con-boxed e-con e-child\" data-id=\"015e920\" data-element_type=\"container\" data-e-type=\"container\">\n\t\t\t\t\t<div class=\"e-con-inner\">\n\t\t\t\t\t<\/div>\n\t\t\t\t<\/div>\n\t\t\t\t<\/div>\n\t\t<div class=\"elementor-element elementor-element-2911bb4 e-flex e-con-boxed e-con e-parent\" data-id=\"2911bb4\" data-element_type=\"container\" data-e-type=\"container\">\n\t\t\t\t\t<div class=\"e-con-inner\">\n\t\t<div class=\"elementor-element elementor-element-2e27a93 e-con-full e-flex e-con e-child\" data-id=\"2e27a93\" data-element_type=\"container\" data-e-type=\"container\">\n\t\t\t\t<\/div>\n\t\t<div class=\"elementor-element elementor-element-1a630a0 e-con-full e-flex e-con e-child\" data-id=\"1a630a0\" data-element_type=\"container\" data-e-type=\"container\">\n\t\t\t\t<div class=\"elementor-element elementor-element-aaff247 elementor-widget elementor-widget-heading\" data-id=\"aaff247\" data-element_type=\"widget\" data-e-type=\"widget\" data-widget_type=\"heading.default\">\n\t\t\t\t<div class=\"elementor-widget-container\">\n\t\t\t\t\t<h2 class=\"elementor-heading-title elementor-size-default\">AZ IDE\u00c1LIS V\u00c1LASZT\u00c1S<\/h2>\t\t\t\t<\/div>\n\t\t\t\t<\/div>\n\t\t\t\t<div class=\"elementor-element elementor-element-e7e2b9d elementor-widget elementor-widget-heading\" data-id=\"e7e2b9d\" data-element_type=\"widget\" data-e-type=\"widget\" data-widget_type=\"heading.default\">\n\t\t\t\t<div class=\"elementor-widget-container\">\n\t\t\t\t\t<h6 class=\"elementor-heading-title elementor-size-default\">AZ \u00c9P\u00dcLETAUTOMATIZ\u00c1L\u00c1S - SK\u00c1L\u00c1ZHAT\u00d3<\/h6>\t\t\t\t<\/div>\n\t\t\t\t<\/div>\n\t\t\t\t<div class=\"elementor-element elementor-element-3ed0c81 elementor-widget-divider--view-line elementor-widget elementor-widget-divider\" data-id=\"3ed0c81\" data-element_type=\"widget\" data-e-type=\"widget\" data-widget_type=\"divider.default\">\n\t\t\t\t<div class=\"elementor-widget-container\">\n\t\t\t\t\t\t\t<div class=\"elementor-divider\">\n\t\t\t<span class=\"elementor-divider-separator\">\n\t\t\t\t\t\t<\/span>\n\t\t<\/div>\n\t\t\t\t\t\t<\/div>\n\t\t\t\t<\/div>\n\t\t\t\t<div class=\"elementor-element elementor-element-fa1486b elementor-widget elementor-widget-text-editor\" data-id=\"fa1486b\" data-element_type=\"widget\" data-e-type=\"widget\" data-widget_type=\"text-editor.default\">\n\t\t\t\t<div class=\"elementor-widget-container\">\n\t\t\t\t\t\t\t\t\t<p>Az \u00e9p\u00fcletautomatiz\u00e1l\u00e1s a j\u00f6v\u0151 kulcsa: intelligens rendszereink seg\u00edts\u00e9g\u00e9vel az \u00e9p\u00fcletek nemcsak k\u00e9nyelmesebb\u00e9 \u00e9s biztons\u00e1gosabb\u00e1 v\u00e1lnak, hanem m\u0171k\u00f6d\u00e9s\u00fck is hat\u00e9konyabb \u00e9s fenntarthat\u00f3bb lesz.\u00a0<span style=\"font-style: inherit; font-weight: inherit;\">Az energiafelhaszn\u00e1l\u00e1s optimaliz\u00e1l\u00e1sa, a k\u00f6lts\u00e9gek cs\u00f6kkent\u00e9se \u00e9s a modern, intelligens \u00e9lm\u00e9ny biztos\u00edt\u00e1sa ma m\u00e1r alapvet\u0151 elv\u00e1r\u00e1s minden korszer\u0171 l\u00e9tes\u00edtm\u00e9nyben.<\/span><\/p><p>Legyen sz\u00f3 irodah\u00e1zr\u00f3l, sz\u00e1llod\u00e1r\u00f3l, t\u00e1rsash\u00e1zr\u00f3l vagy k\u00f6zint\u00e9zm\u00e9nyr\u0151l, rendszereink teljes k\u00f6r\u0171 megold\u00e1st k\u00edn\u00e1lnak: k\u00f6zponti platformr\u00f3l vez\u00e9relhet\u0151 a vil\u00e1g\u00edt\u00e1s, a f\u0171t\u00e9s-h\u0171t\u00e9s, az \u00e1rny\u00e9kol\u00e1s, a bel\u00e9ptet\u00e9s stb..\u00a0<span style=\"font-style: inherit; font-weight: inherit;\">A funkci\u00f3k \u00f6sszehangolt m\u0171k\u00f6d\u00e9se garant\u00e1lja a g\u00f6rd\u00fcl\u00e9keny \u00fczemeltet\u00e9st \u00e9s megt\u00e9r\u00fcl\u00e9st, mik\u00f6zben a felhaszn\u00e1l\u00f3k sz\u00e1m\u00e1ra magasabb komfortszintet ny\u00fajt.<\/span><\/p>\t\t\t\t\t\t\t\t<\/div>\n\t\t\t\t<\/div>\n\t\t\t\t<\/div>\n\t\t<div class=\"elementor-element elementor-element-05b5197 e-con-full e-flex e-con e-child\" data-id=\"05b5197\" data-element_type=\"container\" data-e-type=\"container\">\n\t\t\t\t<\/div>\n\t\t\t\t\t<\/div>\n\t\t\t\t<\/div>\n\t\t<div class=\"elementor-element elementor-element-b194bb1 e-flex e-con-boxed e-con e-parent\" data-id=\"b194bb1\" data-element_type=\"container\" data-e-type=\"container\">\n\t\t\t\t\t<div class=\"e-con-inner\">\n\t\t<div class=\"elementor-element elementor-element-1ff8370 e-con-full e-flex e-con e-child\" data-id=\"1ff8370\" data-element_type=\"container\" data-e-type=\"container\">\n\t\t\t\t<div class=\"elementor-element elementor-element-26f91c8 elementor-position-top elementor-widget elementor-widget-image-box\" data-id=\"26f91c8\" data-element_type=\"widget\" data-e-type=\"widget\" data-widget_type=\"image-box.default\">\n\t\t\t\t<div class=\"elementor-widget-container\">\n\t\t\t\t\t<div class=\"elementor-image-box-wrapper\"><figure class=\"elementor-image-box-img\"><a href=\"https:\/\/evernox.hu\/en\/funkciok\/vilagitasvezerles\/\" tabindex=\"-1\"><img fetchpriority=\"high\" decoding=\"async\" width=\"349\" height=\"231\" src=\"https:\/\/evernox.hu\/wp-content\/uploads\/2026\/02\/vilagitasvezerles-image-small-001.webp\" class=\"attachment-full size-full wp-image-9587\" alt=\"vilagitasvezerles image small 001\" srcset=\"https:\/\/evernox.hu\/wp-content\/uploads\/2026\/02\/vilagitasvezerles-image-small-001.webp 349w, https:\/\/evernox.hu\/wp-content\/uploads\/2026\/02\/vilagitasvezerles-image-small-001-18x12.webp 18w\" sizes=\"(max-width: 349px) 100vw, 349px\" \/><\/a><\/figure><div class=\"elementor-image-box-content\"><h6 class=\"elementor-image-box-title\"><a href=\"https:\/\/evernox.hu\/en\/funkciok\/vilagitasvezerles\/\">Vil\u00e1g\u00edt\u00e1svez\u00e9rl\u00e9s<\/a><\/h6><p class=\"elementor-image-box-description\">f\u00e9nyek ki\/bekapcsol\u00e1sa, f\u00e9nyer\u0151 szab\u00e1lyoz\u00e1s, hangulatf\u00e9nyek, sz\u00ednvez\u00e9rl\u00e9s. t\u00e1mogat\u00e1s\u00e0 technol\u00f3gia \u00e9s als\u00f3 4 az a vil\u00e1g\u00edt\u00e1shoz<\/p><\/div><\/div>\t\t\t\t<\/div>\n\t\t\t\t<\/div>\n\t\t\t\t<\/div>\n\t\t<div class=\"elementor-element elementor-element-47d53e3 e-con-full e-flex e-con e-child\" data-id=\"47d53e3\" data-element_type=\"container\" data-e-type=\"container\">\n\t\t\t\t<div class=\"elementor-element elementor-element-c84c440 elementor-position-top elementor-widget elementor-widget-image-box\" data-id=\"c84c440\" data-element_type=\"widget\" data-e-type=\"widget\" data-widget_type=\"image-box.default\">\n\t\t\t\t<div class=\"elementor-widget-container\">\n\t\t\t\t\t<div class=\"elementor-image-box-wrapper\"><figure class=\"elementor-image-box-img\"><a href=\"https:\/\/evernox.hu\/en\/funkciok\/arnyekolasvezerles\/\" tabindex=\"-1\"><img decoding=\"async\" width=\"349\" height=\"231\" src=\"https:\/\/evernox.hu\/wp-content\/uploads\/2026\/02\/arnyekolasvezerles-image-small-001.webp\" class=\"attachment-full size-full wp-image-9582\" alt=\"arnyekolasvezerles image small 001\" srcset=\"https:\/\/evernox.hu\/wp-content\/uploads\/2026\/02\/arnyekolasvezerles-image-small-001.webp 349w, https:\/\/evernox.hu\/wp-content\/uploads\/2026\/02\/arnyekolasvezerles-image-small-001-18x12.webp 18w\" sizes=\"(max-width: 349px) 100vw, 349px\" \/><\/a><\/figure><div class=\"elementor-image-box-content\"><h6 class=\"elementor-image-box-title\"><a href=\"https:\/\/evernox.hu\/en\/funkciok\/arnyekolasvezerles\/\">\u00c1rny\u00e9kol\u00e1svez\u00e9rl\u00e9s <\/a><\/h6><p class=\"elementor-image-box-description\">red\u0151ny\u00f6k, zsal\u00fazi\u00e1k, relux\u00e1k \u00e9s f\u00fcgg\u00f6ny\u00f6k automatikus mozgat\u00e1sa napszakhoz, id\u0151j\u00e1r\u00e1shoz vagy jelenl\u00e9thez igaz\u00edtva<\/p><\/div><\/div>\t\t\t\t<\/div>\n\t\t\t\t<\/div>\n\t\t\t\t<\/div>\n\t\t<div class=\"elementor-element elementor-element-52acb3c e-con-full e-flex e-con e-child\" data-id=\"52acb3c\" data-element_type=\"container\" data-e-type=\"container\">\n\t\t\t\t<div class=\"elementor-element elementor-element-12c78d7 elementor-position-top elementor-widget elementor-widget-image-box\" data-id=\"12c78d7\" data-element_type=\"widget\" data-e-type=\"widget\" data-widget_type=\"image-box.default\">\n\t\t\t\t<div class=\"elementor-widget-container\">\n\t\t\t\t\t<div class=\"elementor-image-box-wrapper\"><figure class=\"elementor-image-box-img\"><a href=\"https:\/\/evernox.hu\/en\/funkciok\/hangulat-es-jelenetvezerles\/\" tabindex=\"-1\"><img decoding=\"async\" width=\"349\" height=\"231\" src=\"https:\/\/evernox.hu\/wp-content\/uploads\/2026\/02\/hangulat-image-small-001.webp\" class=\"attachment-full size-full wp-image-9586\" alt=\"hangulat image small 001\" srcset=\"https:\/\/evernox.hu\/wp-content\/uploads\/2026\/02\/hangulat-image-small-001.webp 349w, https:\/\/evernox.hu\/wp-content\/uploads\/2026\/02\/hangulat-image-small-001-18x12.webp 18w\" sizes=\"(max-width: 349px) 100vw, 349px\" \/><\/a><\/figure><div class=\"elementor-image-box-content\"><h6 class=\"elementor-image-box-title\"><a href=\"https:\/\/evernox.hu\/en\/funkciok\/hangulat-es-jelenetvezerles\/\">Hangulat- \u00e9s jelenetvez\u00e9rl\u00e9s <\/a><\/h6><p class=\"elementor-image-box-description\">el\u0151re programozott vil\u00e1g\u00edt\u00e1s-, \u00e1rny\u00e9kol\u00e1s- \u00e9s h\u0151m\u00e9rs\u00e9klet-be\u00e1ll\u00edt\u00e1sok egyetlen gombnyom\u00e1ssal<\/p><\/div><\/div>\t\t\t\t<\/div>\n\t\t\t\t<\/div>\n\t\t\t\t<\/div>\n\t\t\t\t\t<\/div>\n\t\t\t\t<\/div>\n\t\t<div class=\"elementor-element elementor-element-d96551d e-flex e-con-boxed e-con e-parent\" data-id=\"d96551d\" data-element_type=\"container\" data-e-type=\"container\">\n\t\t\t\t\t<div class=\"e-con-inner\">\n\t\t<div class=\"elementor-element elementor-element-21e2b21 e-con-full e-flex e-con e-child\" data-id=\"21e2b21\" data-element_type=\"container\" data-e-type=\"container\">\n\t\t\t\t<div class=\"elementor-element elementor-element-928edc9 elementor-position-top elementor-widget elementor-widget-image-box\" data-id=\"928edc9\" data-element_type=\"widget\" data-e-type=\"widget\" data-widget_type=\"image-box.default\">\n\t\t\t\t<div class=\"elementor-widget-container\">\n\t\t\t\t\t<div class=\"elementor-image-box-wrapper\"><figure class=\"elementor-image-box-img\"><a href=\"https:\/\/evernox.hu\/en\/funkciok\/futes-hutes-es-szelloztetesszabalyozas\/\" tabindex=\"-1\"><img loading=\"lazy\" decoding=\"async\" width=\"349\" height=\"231\" src=\"https:\/\/evernox.hu\/wp-content\/uploads\/2026\/02\/futes-hutes-image-small-001.webp\" class=\"attachment-full size-full wp-image-9584\" alt=\"futes hutes image small 001\" srcset=\"https:\/\/evernox.hu\/wp-content\/uploads\/2026\/02\/futes-hutes-image-small-001.webp 349w, https:\/\/evernox.hu\/wp-content\/uploads\/2026\/02\/futes-hutes-image-small-001-18x12.webp 18w\" sizes=\"(max-width: 349px) 100vw, 349px\" \/><\/a><\/figure><div class=\"elementor-image-box-content\"><h6 class=\"elementor-image-box-title\"><a href=\"https:\/\/evernox.hu\/en\/funkciok\/futes-hutes-es-szelloztetesszabalyozas\/\">F\u0171t\u00e9s-, h\u0171t\u00e9s- \u00e9s szell\u0151ztet\u00e9sszab\u00e1lyoz\u00e1s <\/a><\/h6><p class=\"elementor-image-box-description\">helyis\u00e9genk\u00e9nti h\u0151m\u00e9rs\u00e9klet-szab\u00e1lyoz\u00e1s, p\u00e1ratartalom-menedzsment, energiaoptimaliz\u00e1lt \u00fczemm\u00f3dok<\/p><\/div><\/div>\t\t\t\t<\/div>\n\t\t\t\t<\/div>\n\t\t\t\t<\/div>\n\t\t<div class=\"elementor-element elementor-element-cdae103 e-con-full e-flex e-con e-child\" data-id=\"cdae103\" data-element_type=\"container\" data-e-type=\"container\">\n\t\t\t\t<div class=\"elementor-element elementor-element-271ae04 elementor-position-top elementor-widget elementor-widget-image-box\" data-id=\"271ae04\" data-element_type=\"widget\" data-e-type=\"widget\" data-widget_type=\"image-box.default\">\n\t\t\t\t<div class=\"elementor-widget-container\">\n\t\t\t\t\t<div class=\"elementor-image-box-wrapper\"><figure class=\"elementor-image-box-img\"><a href=\"https:\/\/evernox.hu\/en\/funkciok\/energiamenedzsment\/\" tabindex=\"-1\"><img loading=\"lazy\" decoding=\"async\" width=\"349\" height=\"231\" src=\"https:\/\/evernox.hu\/wp-content\/uploads\/2026\/02\/energiamanagement-image-small-001.webp\" class=\"attachment-full size-full wp-image-9583\" alt=\"energiamanagement image small 001\" srcset=\"https:\/\/evernox.hu\/wp-content\/uploads\/2026\/02\/energiamanagement-image-small-001.webp 349w, https:\/\/evernox.hu\/wp-content\/uploads\/2026\/02\/energiamanagement-image-small-001-18x12.webp 18w\" sizes=\"(max-width: 349px) 100vw, 349px\" \/><\/a><\/figure><div class=\"elementor-image-box-content\"><h6 class=\"elementor-image-box-title\"><a href=\"https:\/\/evernox.hu\/en\/funkciok\/energiamenedzsment\/\">Energiamenedzsment <\/a><\/h6><p class=\"elementor-image-box-description\">fogyaszt\u00e1sm\u00e9r\u00e9s, energiahat\u00e9konys\u00e1gi riportok, terhel\u00e9svez\u00e9rl\u00e9s<\/p><\/div><\/div>\t\t\t\t<\/div>\n\t\t\t\t<\/div>\n\t\t\t\t<\/div>\n\t\t<div class=\"elementor-element elementor-element-4a0ef4a e-con-full e-flex e-con e-child\" data-id=\"4a0ef4a\" data-element_type=\"container\" data-e-type=\"container\">\n\t\t\t\t<div class=\"elementor-element elementor-element-956d3ac elementor-position-top elementor-widget elementor-widget-image-box\" data-id=\"956d3ac\" data-element_type=\"widget\" data-e-type=\"widget\" data-widget_type=\"image-box.default\">\n\t\t\t\t<div class=\"elementor-widget-container\">\n\t\t\t\t\t<div class=\"elementor-image-box-wrapper\"><figure class=\"elementor-image-box-img\"><a href=\"https:\/\/evernox.hu\/en\/funkciok\/gepeszeti-automatika\/\" tabindex=\"-1\"><img loading=\"lazy\" decoding=\"async\" width=\"349\" height=\"231\" src=\"https:\/\/evernox.hu\/wp-content\/uploads\/2026\/02\/gepeszet-image-small-001.webp\" class=\"attachment-full size-full wp-image-9585\" alt=\"gepeszet image small 001\" srcset=\"https:\/\/evernox.hu\/wp-content\/uploads\/2026\/02\/gepeszet-image-small-001.webp 349w, https:\/\/evernox.hu\/wp-content\/uploads\/2026\/02\/gepeszet-image-small-001-18x12.webp 18w\" sizes=\"(max-width: 349px) 100vw, 349px\" \/><\/a><\/figure><div class=\"elementor-image-box-content\"><h6 class=\"elementor-image-box-title\"><a href=\"https:\/\/evernox.hu\/en\/funkciok\/gepeszeti-automatika\/\">G\u00e9p\u00e9szeti automatika <\/a><\/h6><p class=\"elementor-image-box-description\">a  g\u00e9p\u00e9szeti automatika intelligensen hangolja \u00f6ssze a f\u0171t\u00e9s, h\u0171t\u00e9s, szell\u0151z\u00e9s \u00e9s energiafelhaszn\u00e1l\u00e1s m\u0171k\u00f6d\u00e9s\u00e9t a hat\u00e9kony, \u00fczembiztos \u00fczem \u00e9rdek\u00e9ben<\/p><\/div><\/div>\t\t\t\t<\/div>\n\t\t\t\t<\/div>\n\t\t\t\t<\/div>\n\t\t\t\t\t<\/div>\n\t\t\t\t<\/div>\n\t\t<div class=\"elementor-element elementor-element-a2e61d2 e-flex e-con-boxed e-con e-parent\" data-id=\"a2e61d2\" data-element_type=\"container\" data-e-type=\"container\">\n\t\t\t\t\t<div class=\"e-con-inner\">\n\t\t<div class=\"elementor-element elementor-element-cafdec4 e-con-full e-flex e-con e-child\" data-id=\"cafdec4\" data-element_type=\"container\" data-e-type=\"container\">\n\t\t\t\t<div class=\"elementor-element elementor-element-b6e9832 elementor-widget elementor-widget-heading\" data-id=\"b6e9832\" data-element_type=\"widget\" data-e-type=\"widget\" data-widget_type=\"heading.default\">\n\t\t\t\t<div class=\"elementor-widget-container\">\n\t\t\t\t\t<h2 class=\"elementor-heading-title elementor-size-default\">RUGALMASS\u00c1G \u00c9S MODULARIT\u00c1S<br>MINDEN \u00c9P\u00dcLETT\u00cdPUSHOZ<\/h2>\t\t\t\t<\/div>\n\t\t\t\t<\/div>\n\t\t\t\t<div class=\"elementor-element elementor-element-8322c7e elementor-widget-divider--view-line elementor-widget elementor-widget-divider\" data-id=\"8322c7e\" data-element_type=\"widget\" data-e-type=\"widget\" data-widget_type=\"divider.default\">\n\t\t\t\t<div class=\"elementor-widget-container\">\n\t\t\t\t\t\t\t<div class=\"elementor-divider\">\n\t\t\t<span class=\"elementor-divider-separator\">\n\t\t\t\t\t\t<\/span>\n\t\t<\/div>\n\t\t\t\t\t\t<\/div>\n\t\t\t\t<\/div>\n\t\t\t\t<div class=\"elementor-element elementor-element-ee9e69c elementor-widget elementor-widget-text-editor\" data-id=\"ee9e69c\" data-element_type=\"widget\" data-e-type=\"widget\" data-widget_type=\"text-editor.default\">\n\t\t\t\t<div class=\"elementor-widget-container\">\n\t\t\t\t\t\t\t\t\t<p style=\"text-align: center;\">A butikhotel nyugalm\u00e1t\u00f3l egy nagy nemzetk\u00f6zi sz\u00e1llodal\u00e1nc pezsg\u00e9s\u00e9ig az Elektro-Kamleithner Kft. megold\u00e1sai minden k\u00f6rnyezethez eleg\u00e1nsan \u00e9s intelligensen alkalmazkodnak. Rugalmasan b\u0151v\u00edthet\u0151 \u00e9s modul\u00e1ris rendszer\u00fcnk a fejlett funkci\u00f3kat kifinomult eszt\u00e9tik\u00e1val \u00f6tv\u00f6zi, egyedi ig\u00e9nyekre szabott megold\u00e1sokat k\u00edn\u00e1lva, amelyek \u00faj szintre emelik az \u00fczemeltet\u00e9si hat\u00e9konys\u00e1got, a k\u00e9nyelmet \u00e9s a vend\u00e9g\u00e9lm\u00e9nyt.<\/p>\t\t\t\t\t\t\t\t<\/div>\n\t\t\t\t<\/div>\n\t\t\t\t<div class=\"elementor-element elementor-element-31ebcb2 elementor-widget elementor-widget-heading\" data-id=\"31ebcb2\" data-element_type=\"widget\" data-e-type=\"widget\" data-widget_type=\"heading.default\">\n\t\t\t\t<div class=\"elementor-widget-container\">\n\t\t\t\t\t<h6 class=\"elementor-heading-title elementor-size-default\">V\u00e1lassza az Elektro-Kamleithner Kft. term\u00e9keit \u00e9s szolg\u00e1ltat\u00e1sait, hogy \u00e9p\u00fclete a j\u00f6v\u0151 elv\u00e1r\u00e1sainak is megfeleljen. <\/h6>\t\t\t\t<\/div>\n\t\t\t\t<\/div>\n\t\t\t\t<\/div>\n\t\t\t\t\t<\/div>\n\t\t\t\t<\/div>\n\t\t\t\t<\/div>","protected":false},"excerpt":{"rendered":"<p>AZ IDE\u00c1LIS V\u00c1LASZT\u00c1S AZ \u00c9P\u00dcLETAUTOMATIZ\u00c1L\u00c1S &#8211; SK\u00c1L\u00c1ZHAT\u00d3 Az \u00e9p\u00fcletautomatiz\u00e1l\u00e1s a j\u00f6v\u0151 kulcsa: intelligens rendszereink seg\u00edts\u00e9g\u00e9vel az \u00e9p\u00fcletek nemcsak k\u00e9nyelmesebb\u00e9 \u00e9s [&hellip;]<\/p>","protected":false},"author":1,"featured_media":0,"parent":0,"menu_order":0,"comment_status":"closed","ping_status":"closed","template":"","meta":{"_acf_changed":false,"site-sidebar-layout":"no-sidebar","site-content-layout":"","ast-site-content-layout":"full-width-container","site-content-style":"default","site-sidebar-style":"default","ast-global-header-display":"","ast-banner-title-visibility":"","ast-main-header-display":"","ast-hfb-above-header-display":"","ast-hfb-below-header-display":"","ast-hfb-mobile-header-display":"","site-post-title":"","ast-breadcrumbs-content":"","ast-featured-img":"disabled","footer-sml-layout":"","ast-disable-related-posts":"","theme-transparent-header-meta":"default","adv-header-id-meta":"","stick-header-meta":"","header-above-stick-meta":"","header-main-stick-meta":"","header-below-stick-meta":"","astra-migrate-meta-layouts":"set","ast-page-background-enabled":"default","ast-page-background-meta":{"desktop":{"background-color":"var(--ast-global-color-4)","background-image":"","background-repeat":"repeat","background-position":"center center","background-size":"auto","background-attachment":"scroll","background-type":"","background-media":"","overlay-type":"","overlay-color":"","overlay-opacity":"","overlay-gradient":""},"tablet":{"background-color":"","background-image":"","background-repeat":"repeat","background-position":"center center","background-size":"auto","background-attachment":"scroll","background-type":"","background-media":"","overlay-type":"","overlay-color":"","overlay-opacity":"","overlay-gradient":""},"mobile":{"background-color":"","background-image":"","background-repeat":"repeat","background-position":"center center","background-size":"auto","background-attachment":"scroll","background-type":"","background-media":"","overlay-type":"","overlay-color":"","overlay-opacity":"","overlay-gradient":""}},"ast-content-background-meta":{"desktop":{"background-color":"var(--ast-global-color-5)","background-image":"","background-repeat":"repeat","background-position":"center center","background-size":"auto","background-attachment":"scroll","background-type":"","background-media":"","overlay-type":"","overlay-color":"","overlay-opacity":"","overlay-gradient":""},"tablet":{"background-color":"var(--ast-global-color-5)","background-image":"","background-repeat":"repeat","background-position":"center center","background-size":"auto","background-attachment":"scroll","background-type":"","background-media":"","overlay-type":"","overlay-color":"","overlay-opacity":"","overlay-gradient":""},"mobile":{"background-color":"var(--ast-global-color-5)","background-image":"","background-repeat":"repeat","background-position":"center center","background-size":"auto","background-attachment":"scroll","background-type":"","background-media":"","overlay-type":"","overlay-color":"","overlay-opacity":"","overlay-gradient":""}},"footnotes":""},"class_list":["post-1323","page","type-page","status-publish","hentry"],"acf":[],"_links":{"self":[{"href":"https:\/\/evernox.hu\/en\/wp-json\/wp\/v2\/pages\/1323","targetHints":{"allow":["GET"]}}],"collection":[{"href":"https:\/\/evernox.hu\/en\/wp-json\/wp\/v2\/pages"}],"about":[{"href":"https:\/\/evernox.hu\/en\/wp-json\/wp\/v2\/types\/page"}],"author":[{"embeddable":true,"href":"https:\/\/evernox.hu\/en\/wp-json\/wp\/v2\/users\/1"}],"replies":[{"embeddable":true,"href":"https:\/\/evernox.hu\/en\/wp-json\/wp\/v2\/comments?post=1323"}],"version-history":[{"count":19,"href":"https:\/\/evernox.hu\/en\/wp-json\/wp\/v2\/pages\/1323\/revisions"}],"predecessor-version":[{"id":9596,"href":"https:\/\/evernox.hu\/en\/wp-json\/wp\/v2\/pages\/1323\/revisions\/9596"}],"wp:attachment":[{"href":"https:\/\/evernox.hu\/en\/wp-json\/wp\/v2\/media?parent=1323"}],"curies":[{"name":"wp","href":"https:\/\/api.w.org\/{rel}","templated":true}]}}